{"id":16,"date":"2025-02-18T13:18:42","date_gmt":"2025-02-18T21:18:42","guid":{"rendered":"https:\/\/letrasdecambiocom.wordpress.com\/?page_id=16"},"modified":"2026-02-02T23:32:36","modified_gmt":"2026-02-02T23:32:36","slug":"sobre-mi-2","status":"publish","type":"page","link":"https:\/\/letrasdecambio.com\/en\/sobre-mi-2\/","title":{"rendered":"Sobre Mi"},"content":{"rendered":"<div class=\"wp-block-group\"><div class=\"wp-block-group__inner-container is-layout-constrained wp-block-group-is-layout-constrained\">\n<h3 class=\"wp-block-heading has-text-align-center\" style=\"font-size:18px\">Un espacio para compartir ideas, reflexionar con calma y dialogar sobre el pa\u00eds, la sociedad y los cambios que necesitamos.<\/h3>\n<\/div><\/div>\n\n\n\n<h1 class=\"wp-block-heading alignwide has-text-align-center\" style=\"font-size:60px\">Victor Nu\u00f1ez Matos<\/h1>\n\n\n\n<ul class=\"wp-block-social-links has-normal-icon-size is-style-logos-only is-content-justification-center is-nowrap is-layout-flex wp-container-core-social-links-is-layout-40fab40b wp-block-social-links-is-layout-flex\"><li class=\"wp-social-link wp-social-link-linkedin  wp-block-social-link\"><a href=\"https:\/\/www.linkedin.com\/in\/victornunezm\/\" class=\"wp-block-social-link-anchor\" target=\"_blank\" rel=\"noopener\"><svg width=\"24\" height=\"24\" viewbox=\"0 0 24 24\" version=\"1.1\" xmlns=\"http:\/\/www.w3.org\/2000\/svg\" aria-hidden=\"true\" focusable=\"false\"><path d=\"M19.7,3H4.3C3.582,3,3,3.582,3,4.3v15.4C3,20.418,3.582,21,4.3,21h15.4c0.718,0,1.3-0.582,1.3-1.3V4.3 C21,3.582,20.418,3,19.7,3z M8.339,18.338H5.667v-8.59h2.672V18.338z M7.004,8.574c-0.857,0-1.549-0.694-1.549-1.548 c0-0.855,0.691-1.548,1.549-1.548c0.854,0,1.547,0.694,1.547,1.548C8.551,7.881,7.858,8.574,7.004,8.574z M18.339,18.338h-2.669 v-4.177c0-0.996-0.017-2.278-1.387-2.278c-1.389,0-1.601,1.086-1.601,2.206v4.249h-2.667v-8.59h2.559v1.174h0.037 c0.356-0.675,1.227-1.387,2.526-1.387c2.703,0,3.203,1.779,3.203,4.092V18.338z\"><\/path><\/svg><span class=\"wp-block-social-link-label screen-reader-text\">LinkedIn<\/span><\/a><\/li>\n\n<li class=\"wp-social-link wp-social-link-instagram  wp-block-social-link\"><a href=\"https:\/\/www.instagram.com\/victornunezmatos\/\" class=\"wp-block-social-link-anchor\" target=\"_blank\" rel=\"noopener\"><svg width=\"24\" height=\"24\" viewbox=\"0 0 24 24\" version=\"1.1\" xmlns=\"http:\/\/www.w3.org\/2000\/svg\" aria-hidden=\"true\" focusable=\"false\"><path d=\"M12,4.622c2.403,0,2.688,0.009,3.637,0.052c0.877,0.04,1.354,0.187,1.671,0.31c0.42,0.163,0.72,0.358,1.035,0.673 c0.315,0.315,0.51,0.615,0.673,1.035c0.123,0.317,0.27,0.794,0.31,1.671c0.043,0.949,0.052,1.234,0.052,3.637 s-0.009,2.688-0.052,3.637c-0.04,0.877-0.187,1.354-0.31,1.671c-0.163,0.42-0.358,0.72-0.673,1.035 c-0.315,0.315-0.615,0.51-1.035,0.673c-0.317,0.123-0.794,0.27-1.671,0.31c-0.949,0.043-1.233,0.052-3.637,0.052 s-2.688-0.009-3.637-0.052c-0.877-0.04-1.354-0.187-1.671-0.31c-0.42-0.163-0.72-0.358-1.035-0.673 c-0.315-0.315-0.51-0.615-0.673-1.035c-0.123-0.317-0.27-0.794-0.31-1.671C4.631,14.688,4.622,14.403,4.622,12 s0.009-2.688,0.052-3.637c0.04-0.877,0.187-1.354,0.31-1.671c0.163-0.42,0.358-0.72,0.673-1.035 c0.315-0.315,0.615-0.51,1.035-0.673c0.317-0.123,0.794-0.27,1.671-0.31C9.312,4.631,9.597,4.622,12,4.622 M12,3 C9.556,3,9.249,3.01,8.289,3.054C7.331,3.098,6.677,3.25,6.105,3.472C5.513,3.702,5.011,4.01,4.511,4.511 c-0.5,0.5-0.808,1.002-1.038,1.594C3.25,6.677,3.098,7.331,3.054,8.289C3.01,9.249,3,9.556,3,12c0,2.444,0.01,2.751,0.054,3.711 c0.044,0.958,0.196,1.612,0.418,2.185c0.23,0.592,0.538,1.094,1.038,1.594c0.5,0.5,1.002,0.808,1.594,1.038 c0.572,0.222,1.227,0.375,2.185,0.418C9.249,20.99,9.556,21,12,21s2.751-0.01,3.711-0.054c0.958-0.044,1.612-0.196,2.185-0.418 c0.592-0.23,1.094-0.538,1.594-1.038c0.5-0.5,0.808-1.002,1.038-1.594c0.222-0.572,0.375-1.227,0.418-2.185 C20.99,14.751,21,14.444,21,12s-0.01-2.751-0.054-3.711c-0.044-0.958-0.196-1.612-0.418-2.185c-0.23-0.592-0.538-1.094-1.038-1.594 c-0.5-0.5-1.002-0.808-1.594-1.038c-0.572-0.222-1.227-0.375-2.185-0.418C14.751,3.01,14.444,3,12,3L12,3z M12,7.378 c-2.552,0-4.622,2.069-4.622,4.622S9.448,16.622,12,16.622s4.622-2.069,4.622-4.622S14.552,7.378,12,7.378z M12,15 c-1.657,0-3-1.343-3-3s1.343-3,3-3s3,1.343,3,3S13.657,15,12,15z M16.804,6.116c-0.596,0-1.08,0.484-1.08,1.08 s0.484,1.08,1.08,1.08c0.596,0,1.08-0.484,1.08-1.08S17.401,6.116,16.804,6.116z\"><\/path><\/svg><span class=\"wp-block-social-link-label screen-reader-text\">Instagram<\/span><\/a><\/li>\n\n<li class=\"wp-social-link wp-social-link-x  wp-block-social-link\"><a href=\"https:\/\/x.com\/victornunezmpe\" class=\"wp-block-social-link-anchor\"><svg width=\"24\" height=\"24\" viewbox=\"0 0 24 24\" version=\"1.1\" xmlns=\"http:\/\/www.w3.org\/2000\/svg\" aria-hidden=\"true\" focusable=\"false\"><path d=\"M13.982 10.622 20.54 3h-1.554l-5.693 6.618L8.745 3H3.5l6.876 10.007L3.5 21h1.554l6.012-6.989L15.868 21h5.245l-7.131-10.378Zm-2.128 2.474-.697-.997-5.543-7.93H8l4.474 6.4.697.996 5.815 8.318h-2.387l-4.745-6.787Z\" \/><\/svg><span class=\"wp-block-social-link-label screen-reader-text\">X<\/span><\/a><\/li>\n\n<li class=\"wp-social-link wp-social-link-facebook  wp-block-social-link\"><a href=\"https:\/\/www.facebook.com\/victornunezmpe\" class=\"wp-block-social-link-anchor\" target=\"_blank\" rel=\"noopener\"><svg width=\"24\" height=\"24\" viewbox=\"0 0 24 24\" version=\"1.1\" xmlns=\"http:\/\/www.w3.org\/2000\/svg\" aria-hidden=\"true\" focusable=\"false\"><path d=\"M12 2C6.5 2 2 6.5 2 12c0 5 3.7 9.1 8.4 9.9v-7H7.9V12h2.5V9.8c0-2.5 1.5-3.9 3.8-3.9 1.1 0 2.2.2 2.2.2v2.5h-1.3c-1.2 0-1.6.8-1.6 1.6V12h2.8l-.4 2.9h-2.3v7C18.3 21.1 22 17 22 12c0-5.5-4.5-10-10-10z\"><\/path><\/svg><span class=\"wp-block-social-link-label screen-reader-text\">Facebook<\/span><\/a><\/li>\n\n\n\n\n\n<\/ul>\n\n\n<div class=\"wp-block-image is-style-rounded\">\n<figure class=\"aligncenter size-full is-resized has-custom-border wp-container-content-9cfa9a5a\"><img loading=\"lazy\" decoding=\"async\" width=\"1024\" height=\"1365\" src=\"https:\/\/letrasdecambio.com\/wp-content\/uploads\/2026\/02\/ChatGPT-Image-Feb-2-2026-03_25_35-PM-edited.png\" alt=\"\" class=\"wp-image-1149\" style=\"border-width:2px;aspect-ratio:0.7509223823819235;width:506px;height:auto\" srcset=\"https:\/\/letrasdecambio.com\/wp-content\/uploads\/2026\/02\/ChatGPT-Image-Feb-2-2026-03_25_35-PM-edited.png 1024w, https:\/\/letrasdecambio.com\/wp-content\/uploads\/2026\/02\/ChatGPT-Image-Feb-2-2026-03_25_35-PM-edited-225x300.png 225w, https:\/\/letrasdecambio.com\/wp-content\/uploads\/2026\/02\/ChatGPT-Image-Feb-2-2026-03_25_35-PM-edited-768x1024.png 768w, https:\/\/letrasdecambio.com\/wp-content\/uploads\/2026\/02\/ChatGPT-Image-Feb-2-2026-03_25_35-PM-edited-9x12.png 9w\" sizes=\"auto, (max-width: 1024px) 100vw, 1024px\" \/><\/figure>\n<\/div>\n\n\n<p><strong>Soy V\u00edctor N\u00fa\u00f1ez.<\/strong><br>Escribo para pensar el pa\u00eds con m\u00e1s profundidad, sin consignas ni ruido.<br>Letras de Cambio es un espacio para reflexionar sobre pol\u00edtica, sociedad, tecnolog\u00eda y valores familiares, desde la experiencia, el an\u00e1lisis y la responsabilidad c\u00edvica.<\/p>\n\n\n\n<h2 class=\"wp-block-heading\"><strong>Mi Trayectoria<\/strong><\/h2>\n\n\n\n<p>Soy Gerente de Proyectos y especialista en Transformaci\u00f3n y Change Management, con m\u00e1s de una d\u00e9cada liderando iniciativas en distintos sectores. Tengo un MBA y formaci\u00f3n en Administraci\u00f3n de Negocios, con foco en planificaci\u00f3n estrat\u00e9gica, gesti\u00f3n del cambio y ejecuci\u00f3n efectiva.<\/p>\n\n\n\n<p>He trabajado en proyectos de gran escala con equipos multidisciplinarios, colaborando con First Nations en Canad\u00e1 y Comunidades Nativas en Per\u00fa, especialmente en Infraestructura y Telecomunicaciones, siempre con una mirada de impacto real y sostenido.<\/p>\n\n\n\n<h2 class=\"wp-block-heading\"><strong>\u00bfPor qu\u00e9 Letras de Cambio?<\/strong><\/h2>\n\n\n\n<p>Letras de Cambio nace como un espacio para pensar el pa\u00eds con seriedad y calma: proponer ideas, fomentar el debate constructivo y reflexionar sobre pol\u00edtica, sociedad y tecnolog\u00eda.<\/p>\n\n\n\n<p>Tambi\u00e9n es un lugar \u00edntimo: aqu\u00ed escribo cartas para mis hijos y comparto reflexiones sobre valores, decisiones y el mundo que heredar\u00e1n.<\/p>\n\n\n\n<p><\/p>","protected":false},"excerpt":{"rendered":"<p>Un espacio para compartir ideas, reflexionar con calma y dialogar sobre el pa\u00eds, la sociedad y los cambios que necesitamos. Victor Nu\u00f1ez Matos Soy V\u00edctor N\u00fa\u00f1ez.Escribo para pensar el pa\u00eds con m\u00e1s profundidad, sin consignas ni ruido.Letras de Cambio es un espacio para reflexionar sobre pol\u00edtica, sociedad, tecnolog\u00eda y valores familiares, desde la experiencia, el&#8230;<\/p>","protected":false},"author":1,"featured_media":0,"parent":0,"menu_order":0,"comment_status":"closed","ping_status":"closed","template":"","meta":{"_kadence_starter_templates_imported_post":false,"_kad_post_transparent":"","_kad_post_title":"","_kad_post_layout":"","_kad_post_sidebar_id":"","_kad_post_content_style":"","_kad_post_vertical_padding":"","_kad_post_feature":"","_kad_post_feature_position":"","_kad_post_header":false,"_kad_post_footer":false,"_kad_post_classname":"","footnotes":""},"class_list":["post-16","page","type-page","status-publish","hentry"],"_hostinger_reach_plugin_has_subscription_block":false,"_hostinger_reach_plugin_is_elementor":false,"_links":{"self":[{"href":"https:\/\/letrasdecambio.com\/en\/wp-json\/wp\/v2\/pages\/16","targetHints":{"allow":["GET"]}}],"collection":[{"href":"https:\/\/letrasdecambio.com\/en\/wp-json\/wp\/v2\/pages"}],"about":[{"href":"https:\/\/letrasdecambio.com\/en\/wp-json\/wp\/v2\/types\/page"}],"author":[{"embeddable":true,"href":"https:\/\/letrasdecambio.com\/en\/wp-json\/wp\/v2\/users\/1"}],"replies":[{"embeddable":true,"href":"https:\/\/letrasdecambio.com\/en\/wp-json\/wp\/v2\/comments?post=16"}],"version-history":[{"count":8,"href":"https:\/\/letrasdecambio.com\/en\/wp-json\/wp\/v2\/pages\/16\/revisions"}],"predecessor-version":[{"id":1150,"href":"https:\/\/letrasdecambio.com\/en\/wp-json\/wp\/v2\/pages\/16\/revisions\/1150"}],"wp:attachment":[{"href":"https:\/\/letrasdecambio.com\/en\/wp-json\/wp\/v2\/media?parent=16"}],"curies":[{"name":"wp","href":"https:\/\/api.w.org\/{rel}","templated":true}]}}