{"id":198,"date":"2025-03-03T14:00:50","date_gmt":"2025-03-03T22:00:50","guid":{"rendered":"https:\/\/letrasdecambio.com\/?page_id=198"},"modified":"2026-02-02T21:14:38","modified_gmt":"2026-02-02T21:14:38","slug":"familia","status":"publish","type":"page","link":"https:\/\/letrasdecambio.com\/en\/familia\/","title":{"rendered":"Familia y Valores"},"content":{"rendered":"<div class=\"wp-block-group alignfull is-content-justification-center\" style=\"margin-top:0;margin-bottom:0;padding-top:var(--wp--preset--spacing--50);padding-bottom:var(--wp--preset--spacing--40)\"><div class=\"wp-block-group__inner-container is-layout-constrained wp-block-group-is-layout-constrained\"><\/div><\/div>\n\n\n\n<div class=\"wp-block-query ldc-familia-list is-layout-flow wp-block-query-is-layout-flow\">\n<div class=\"wp-block-group\"><div class=\"wp-block-group__inner-container is-layout-constrained wp-block-group-is-layout-constrained\"><ul style=\"border-style:none;border-width:0px; padding-top:0;padding-bottom:0;padding-left:0;padding-right:0;\" class=\"wp-block-post-template is-layout-flow wp-block-post-template-is-layout-flow\"><li class=\"wp-block-post post-536 post type-post status-publish format-standard hentry category-familia\">\n<h2 style=\"border-style:none;border-width:0px; padding-right:0;padding-left:0;\" class=\"wp-block-post-title\">C\u00f3mo El Dinero Es Importante, Pero No Lo M\u00e1s Importante<\/h2>\n\n<div style=\"border-top-left-radius:0px;border-top-right-radius:0px;border-bottom-left-radius:0px;border-bottom-right-radius:0px;border-style:none;border-width:0px; padding-top:0;padding-bottom:0;padding-left:0;padding-right:0;margin-top:var(--wp--preset--spacing--60);margin-bottom:var(--wp--preset--spacing--60);\" class=\"wp-block-post-excerpt\"><p class=\"wp-block-post-excerpt__excerpt\">Queridos M, A y N, En la vida, el dinero es una herramienta que nos ayuda a cubrir nuestras necesidades, a disfrutar de ciertas comodidades y a alcanzar algunos de nuestros sue\u00f1os. Sin embargo, quiero que entiendan que&nbsp;el dinero es importante, pero no es lo m\u00e1s importante. Hoy quiero compartir con ustedes algunas reflexiones sobre <a class=\"wp-block-post-excerpt__more-link\" href=\"https:\/\/letrasdecambio.com\/en\/como-el-dinero-es-importante-pero-no-lo-mas-importante\/\">Leer Mas<\/a><\/p><\/div>\n<\/li><li class=\"wp-block-post post-538 post type-post status-publish format-standard hentry category-familia\">\n<h2 style=\"border-style:none;border-width:0px; padding-right:0;padding-left:0;\" class=\"wp-block-post-title\">C\u00f3mo Enfrentar Los Momentos Dif\u00edciles Con Resiliencia<\/h2>\n\n<div style=\"border-top-left-radius:0px;border-top-right-radius:0px;border-bottom-left-radius:0px;border-bottom-right-radius:0px;border-style:none;border-width:0px; padding-top:0;padding-bottom:0;padding-left:0;padding-right:0;margin-top:var(--wp--preset--spacing--60);margin-bottom:var(--wp--preset--spacing--60);\" class=\"wp-block-post-excerpt\"><p class=\"wp-block-post-excerpt__excerpt\">Queridos M, A y N, La vida no siempre es f\u00e1cil. Habr\u00e1 momentos en los que enfrentar\u00e1n desaf\u00edos, decepciones o situaciones que los har\u00e1n sentir tristes, enojados o abrumados. Pero quiero que sepan que&nbsp;los momentos dif\u00edciles no los definen; lo que importa es c\u00f3mo los enfrentan. Hoy quiero hablarles sobre c\u00f3mo desarrollar resiliencia, esa capacidad <a class=\"wp-block-post-excerpt__more-link\" href=\"https:\/\/letrasdecambio.com\/en\/como-enfrentar-los-momentos-dificiles-con-resiliencia\/\">Leer Mas<\/a><\/p><\/div>\n<\/li><li class=\"wp-block-post post-522 post type-post status-publish format-standard hentry category-familia\">\n<h2 style=\"border-style:none;border-width:0px; padding-right:0;padding-left:0;\" class=\"wp-block-post-title\">C\u00f3mo Manejar El Miedo Al Fracaso Y Atreverse A Intentarlo<\/h2>\n\n<div style=\"border-top-left-radius:0px;border-top-right-radius:0px;border-bottom-left-radius:0px;border-bottom-right-radius:0px;border-style:none;border-width:0px; padding-top:0;padding-bottom:0;padding-left:0;padding-right:0;margin-top:var(--wp--preset--spacing--60);margin-bottom:var(--wp--preset--spacing--60);\" class=\"wp-block-post-excerpt\"><p class=\"wp-block-post-excerpt__excerpt\">Queridos M, A y N, En la vida, habr\u00e1 momentos en los que sentir\u00e1n miedo al fracaso. Tal vez les preocupe no ser lo suficientemente buenos, cometer un error o decepcionar a los dem\u00e1s. Pero quiero que sepan que&nbsp;el fracaso no es el enemigo; es parte del camino hacia el \u00e9xito. Hoy quiero hablarles sobre <a class=\"wp-block-post-excerpt__more-link\" href=\"https:\/\/letrasdecambio.com\/en\/como-manejar-el-miedo-al-fracaso-y-atreverse-a-intentarlo\/\">Leer Mas<\/a><\/p><\/div>\n<\/li><li class=\"wp-block-post post-524 post type-post status-publish format-standard hentry category-familia\">\n<h2 style=\"border-style:none;border-width:0px; padding-right:0;padding-left:0;\" class=\"wp-block-post-title\">C\u00f3mo Tratar A Los Dem\u00e1s Como Les Gustar\u00eda Ser Tratados<\/h2>\n\n<div style=\"border-top-left-radius:0px;border-top-right-radius:0px;border-bottom-left-radius:0px;border-bottom-right-radius:0px;border-style:none;border-width:0px; padding-top:0;padding-bottom:0;padding-left:0;padding-right:0;margin-top:var(--wp--preset--spacing--60);margin-bottom:var(--wp--preset--spacing--60);\" class=\"wp-block-post-excerpt\"><p class=\"wp-block-post-excerpt__excerpt\">Queridos M, A y N, En la vida, una de las reglas m\u00e1s importantes que pueden seguir es la&nbsp;Regla de Oro: \u00abTrata a los dem\u00e1s como te gustar\u00eda ser tratado\u00bb. Esta simple pero poderosa idea puede guiar sus acciones y ayudarlos a construir relaciones sanas y significativas. Hoy quiero hablarles sobre c\u00f3mo poner en pr\u00e1ctica <a class=\"wp-block-post-excerpt__more-link\" href=\"https:\/\/letrasdecambio.com\/en\/como-tratar-a-los-demas-como-les-gustaria-ser-tratados\/\">Leer Mas<\/a><\/p><\/div>\n<\/li><li class=\"wp-block-post post-500 post type-post status-publish format-standard hentry category-familia\">\n<h2 style=\"border-style:none;border-width:0px; padding-right:0;padding-left:0;\" class=\"wp-block-post-title\">C\u00f3mo Ser Buenos L\u00edderes Sin Necesidad De Imponerse<\/h2>\n\n<div style=\"border-top-left-radius:0px;border-top-right-radius:0px;border-bottom-left-radius:0px;border-bottom-right-radius:0px;border-style:none;border-width:0px; padding-top:0;padding-bottom:0;padding-left:0;padding-right:0;margin-top:var(--wp--preset--spacing--60);margin-bottom:var(--wp--preset--spacing--60);\" class=\"wp-block-post-excerpt\"><p class=\"wp-block-post-excerpt__excerpt\">Queridos M, A y N, En la vida, habr\u00e1 momentos en los que tendr\u00e1n la oportunidad de ser l\u00edderes, ya sea en el colegio, en el deporte, en el trabajo o en su comunidad. Ser un buen l\u00edder no significa mandar o imponerse sobre los dem\u00e1s, sino inspirar, guiar y apoyar a quienes los rodean. <a class=\"wp-block-post-excerpt__more-link\" href=\"https:\/\/letrasdecambio.com\/en\/como-ser-buenos-lideres-sin-necesidad-de-imponerse\/\">Leer Mas<\/a><\/p><\/div>\n<\/li><li class=\"wp-block-post post-502 post type-post status-publish format-standard hentry category-familia\">\n<h2 style=\"border-style:none;border-width:0px; padding-right:0;padding-left:0;\" class=\"wp-block-post-title\">La Comunicaci\u00f3n: Clave Para Entenderse Con Los Dem\u00e1s<\/h2>\n\n<div style=\"border-top-left-radius:0px;border-top-right-radius:0px;border-bottom-left-radius:0px;border-bottom-right-radius:0px;border-style:none;border-width:0px; padding-top:0;padding-bottom:0;padding-left:0;padding-right:0;margin-top:var(--wp--preset--spacing--60);margin-bottom:var(--wp--preset--spacing--60);\" class=\"wp-block-post-excerpt\"><p class=\"wp-block-post-excerpt__excerpt\">Queridos M, A y N, En la vida, una de las habilidades m\u00e1s importantes que pueden desarrollar es la&nbsp;comunicaci\u00f3n. Ya sea en la familia, con los amigos, en el colegio o en el trabajo, saber comunicarse de manera efectiva es esencial para entenderse con los dem\u00e1s y construir relaciones sanas y significativas. Hoy quiero compartir <a class=\"wp-block-post-excerpt__more-link\" href=\"https:\/\/letrasdecambio.com\/en\/la-comunicacion-clave-para-entenderse-con-los-demas\/\">Leer Mas<\/a><\/p><\/div>\n<\/li><li class=\"wp-block-post post-505 post type-post status-publish format-standard hentry category-familia\">\n<h2 style=\"border-style:none;border-width:0px; padding-right:0;padding-left:0;\" class=\"wp-block-post-title\">La Importancia De La Lealtad En La Amistad<\/h2>\n\n<div style=\"border-top-left-radius:0px;border-top-right-radius:0px;border-bottom-left-radius:0px;border-bottom-right-radius:0px;border-style:none;border-width:0px; padding-top:0;padding-bottom:0;padding-left:0;padding-right:0;margin-top:var(--wp--preset--spacing--60);margin-bottom:var(--wp--preset--spacing--60);\" class=\"wp-block-post-excerpt\"><p class=\"wp-block-post-excerpt__excerpt\">Queridos M, A y N, La amistad es uno de los regalos m\u00e1s valiosos que la vida nos puede dar. Un buen amigo es como un tesoro: nos apoya, nos hace re\u00edr y est\u00e1 ah\u00ed en los momentos dif\u00edciles. Pero para que una amistad sea verdadera y duradera, debe estar basada en algo esencial: la <a class=\"wp-block-post-excerpt__more-link\" href=\"https:\/\/letrasdecambio.com\/en\/la-importancia-de-la-lealtad-en-la-amistad\/\">Leer Mas<\/a><\/p><\/div>\n<\/li><li class=\"wp-block-post post-507 post type-post status-publish format-standard hentry category-familia\">\n<h2 style=\"border-style:none;border-width:0px; padding-right:0;padding-left:0;\" class=\"wp-block-post-title\">C\u00f3mo Construir Una Relaci\u00f3n De Pareja Basada En El Respeto<\/h2>\n\n<div style=\"border-top-left-radius:0px;border-top-right-radius:0px;border-bottom-left-radius:0px;border-bottom-right-radius:0px;border-style:none;border-width:0px; padding-top:0;padding-bottom:0;padding-left:0;padding-right:0;margin-top:var(--wp--preset--spacing--60);margin-bottom:var(--wp--preset--spacing--60);\" class=\"wp-block-post-excerpt\"><p class=\"wp-block-post-excerpt__excerpt\">Queridos M, A y N, En alg\u00fan momento de sus vidas, es posible que decidan compartir su camino con una pareja. El amor es una de las experiencias m\u00e1s hermosas que pueden vivir, pero para que una relaci\u00f3n sea sana y duradera, debe estar basada en algo fundamental:&nbsp;el respeto. Hoy quiero compartir con ustedes algunas <a class=\"wp-block-post-excerpt__more-link\" href=\"https:\/\/letrasdecambio.com\/en\/como-construir-una-relacion-de-pareja-basada-en-el-respeto\/\">Leer Mas<\/a><\/p><\/div>\n<\/li><li class=\"wp-block-post post-509 post type-post status-publish format-standard hentry category-familia\">\n<h2 style=\"border-style:none;border-width:0px; padding-right:0;padding-left:0;\" class=\"wp-block-post-title\">C\u00f3mo Identificar Y Alejarse De Personas T\u00f3xicas<\/h2>\n\n<div style=\"border-top-left-radius:0px;border-top-right-radius:0px;border-bottom-left-radius:0px;border-bottom-right-radius:0px;border-style:none;border-width:0px; padding-top:0;padding-bottom:0;padding-left:0;padding-right:0;margin-top:var(--wp--preset--spacing--60);margin-bottom:var(--wp--preset--spacing--60);\" class=\"wp-block-post-excerpt\"><p class=\"wp-block-post-excerpt__excerpt\">Queridos M, A y N, A lo largo de la vida, se encontrar\u00e1n con muchas personas. Algunas los inspirar\u00e1n, los apoyar\u00e1n y los har\u00e1n sentir bien, pero otras pueden tener una influencia negativa en ustedes. Estas personas, a las que llamamos \u00abt\u00f3xicas\u00bb, pueden afectar su bienestar emocional, su autoestima y su paz interior. Por eso, <a class=\"wp-block-post-excerpt__more-link\" href=\"https:\/\/letrasdecambio.com\/en\/como-identificar-y-alejarse-de-personas-toxicas\/\">Leer Mas<\/a><\/p><\/div>\n<\/li><li class=\"wp-block-post post-511 post type-post status-publish format-standard hentry category-familia\">\n<h2 style=\"border-style:none;border-width:0px; padding-right:0;padding-left:0;\" class=\"wp-block-post-title\">El Amor Propio: Nunca Dependan De Otros Para Ser Felices<\/h2>\n\n<div style=\"border-top-left-radius:0px;border-top-right-radius:0px;border-bottom-left-radius:0px;border-bottom-right-radius:0px;border-style:none;border-width:0px; padding-top:0;padding-bottom:0;padding-left:0;padding-right:0;margin-top:var(--wp--preset--spacing--60);margin-bottom:var(--wp--preset--spacing--60);\" class=\"wp-block-post-excerpt\"><p class=\"wp-block-post-excerpt__excerpt\">Queridos M, A y N, Hoy quiero hablarles de algo que es fundamental para vivir una vida plena y feliz:&nbsp;el amor propio. A lo largo de sus vidas, conocer\u00e1n a muchas personas que los querr\u00e1n, los admirar\u00e1n y los apoyar\u00e1n, pero la verdadera felicidad no depende de los dem\u00e1s. Debe venir de ustedes mismos. El <a class=\"wp-block-post-excerpt__more-link\" href=\"https:\/\/letrasdecambio.com\/en\/el-amor-propio-nunca-dependan-de-otros-para-ser-felices\/\">Leer Mas<\/a><\/p><\/div>\n<\/li><\/ul><\/div><\/div>\n\n\n<nav class=\"wp-block-query-pagination is-layout-flex wp-block-query-pagination-is-layout-flex\" aria-label=\"Pagination\">\n\n\n<div class=\"wp-block-query-pagination-numbers\"><span aria-current=\"page\" class=\"page-numbers current\">1<\/span>\n<a class=\"page-numbers\" href=\"?query-1-page=2\">2<\/a>\n<a class=\"page-numbers\" href=\"?query-1-page=3\">3<\/a>\n<span class=\"page-numbers dots\">&hellip;<\/span>\n<a class=\"page-numbers\" href=\"?query-1-page=5\">5<\/a><\/div>\n\n<a href=\"\/en\/wp-json\/wp\/v2\/pages\/198?query-1-page=2\" class=\"wp-block-query-pagination-next\">Next Page<\/a>\n<\/nav>\n\n<\/div>","protected":false},"excerpt":{"rendered":"","protected":false},"author":1,"featured_media":0,"parent":0,"menu_order":0,"comment_status":"closed","ping_status":"closed","template":"","meta":{"_kadence_starter_templates_imported_post":false,"_kad_post_transparent":"","_kad_post_title":"","_kad_post_layout":"","_kad_post_sidebar_id":"","_kad_post_content_style":"","_kad_post_vertical_padding":"","_kad_post_feature":"","_kad_post_feature_position":"","_kad_post_header":false,"_kad_post_footer":false,"_kad_post_classname":"","footnotes":""},"class_list":["post-198","page","type-page","status-publish","hentry"],"_hostinger_reach_plugin_has_subscription_block":false,"_hostinger_reach_plugin_is_elementor":false,"_links":{"self":[{"href":"https:\/\/letrasdecambio.com\/en\/wp-json\/wp\/v2\/pages\/198","targetHints":{"allow":["GET"]}}],"collection":[{"href":"https:\/\/letrasdecambio.com\/en\/wp-json\/wp\/v2\/pages"}],"about":[{"href":"https:\/\/letrasdecambio.com\/en\/wp-json\/wp\/v2\/types\/page"}],"author":[{"embeddable":true,"href":"https:\/\/letrasdecambio.com\/en\/wp-json\/wp\/v2\/users\/1"}],"replies":[{"embeddable":true,"href":"https:\/\/letrasdecambio.com\/en\/wp-json\/wp\/v2\/comments?post=198"}],"version-history":[{"count":10,"href":"https:\/\/letrasdecambio.com\/en\/wp-json\/wp\/v2\/pages\/198\/revisions"}],"predecessor-version":[{"id":1116,"href":"https:\/\/letrasdecambio.com\/en\/wp-json\/wp\/v2\/pages\/198\/revisions\/1116"}],"wp:attachment":[{"href":"https:\/\/letrasdecambio.com\/en\/wp-json\/wp\/v2\/media?parent=198"}],"curies":[{"name":"wp","href":"https:\/\/api.w.org\/{rel}","templated":true}]}}