{"id":200,"date":"2025-03-03T14:02:21","date_gmt":"2025-03-03T22:02:21","guid":{"rendered":"https:\/\/letrasdecambio.com\/?page_id=200"},"modified":"2026-02-02T21:17:13","modified_gmt":"2026-02-02T21:17:13","slug":"tecnologia-y-otros","status":"publish","type":"page","link":"https:\/\/letrasdecambio.com\/en\/tecnologia-y-otros\/","title":{"rendered":"Sociedad y Cultura"},"content":{"rendered":"<div class=\"wp-block-query ldc-sociedad-list is-layout-flow wp-block-query-is-layout-flow\"><ul class=\"wp-block-post-template is-layout-flow wp-block-post-template-is-layout-flow\"><li class=\"wp-block-post post-651 post type-post status-publish format-standard hentry category-cultura-y-temas-variados\">\n<h2 class=\"wp-block-post-title\">La Cultura Afroperuana Y Su Aporte A La M\u00fasica Y La Danza<\/h2>\n\n<div class=\"wp-block-post-excerpt\"><p class=\"wp-block-post-excerpt__excerpt\">La cultura afroperuana es una de las m\u00e1s vibrantes y significativas del Per\u00fa, con ra\u00edces que se remontan a la llegada de los esclavos africanos durante la colonia. A pesar de las adversidades, los afrodescendientes han dejado un legado invaluable en la m\u00fasica, la danza y la identidad cultural del pa\u00eds. En este art\u00edculo, exploraremos <a class=\"wp-block-post-excerpt__more-link\" href=\"https:\/\/letrasdecambio.com\/en\/la-cultura-afroperuana-y-su-aporte-a-la-musica-y-la-danza\/\">Leer Mas<\/a><\/p><\/div>\n<\/li><li class=\"wp-block-post post-627 post type-post status-publish format-standard hentry category-cultura-y-temas-variados\">\n<h2 class=\"wp-block-post-title\">La Evoluci\u00f3n Del Internet En El Per\u00fa<\/h2>\n\n<div class=\"wp-block-post-excerpt\"><p class=\"wp-block-post-excerpt__excerpt\">El&nbsp;internet&nbsp;ha transformado la forma en que los peruanos se comunican, trabajan, estudian y se entretienen. Desde sus humildes inicios en la d\u00e9cada de 1990 hasta convertirse en una herramienta esencial en la vida cotidiana, la evoluci\u00f3n del internet en el Per\u00fa es una historia de avances tecnol\u00f3gicos, desaf\u00edos y oportunidades. En este art\u00edculo, exploraremos las <a class=\"wp-block-post-excerpt__more-link\" href=\"https:\/\/letrasdecambio.com\/en\/la-evolucion-del-internet-en-el-peru\/\">Leer Mas<\/a><\/p><\/div>\n<\/li><li class=\"wp-block-post post-691 post type-post status-publish format-standard hentry category-cultura-y-temas-variados\">\n<h2 class=\"wp-block-post-title\">El Boom Del Guano: La Riqueza Que Per\u00fa No Supo Aprovechar<\/h2>\n\n<div class=\"wp-block-post-excerpt\"><p class=\"wp-block-post-excerpt__excerpt\">El&nbsp;boom del guano&nbsp;fue uno de los periodos m\u00e1s extraordinarios y controvertidos de la historia econ\u00f3mica del Per\u00fa. Durante la segunda mitad del siglo XIX, el guano de las islas peruanas se convirti\u00f3 en un recurso altamente cotizado en el mercado internacional, generando ingresos enormes para el pa\u00eds. Sin embargo, esta riqueza no se tradujo en <a class=\"wp-block-post-excerpt__more-link\" href=\"https:\/\/letrasdecambio.com\/en\/el-boom-del-guano-la-riqueza-que-peru-no-supo-aprovechar\/\">Leer Mas<\/a><\/p><\/div>\n<\/li><li class=\"wp-block-post post-686 post type-post status-publish format-standard hentry category-cultura-y-temas-variados\">\n<h2 class=\"wp-block-post-title\">El Oncenio De Legu\u00eda: \u00bfModernizaci\u00f3n O Dictadura Disfrazada?<\/h2>\n\n<div class=\"wp-block-post-excerpt\"><p class=\"wp-block-post-excerpt__excerpt\">El&nbsp;Oncenio de Legu\u00eda&nbsp;(1919-1930) es uno de los periodos m\u00e1s controvertidos y fascinantes de la historia del Per\u00fa. Durante once a\u00f1os,&nbsp;Augusto B. Legu\u00eda&nbsp;gobern\u00f3 el pa\u00eds con un estilo que combin\u00f3 modernizaci\u00f3n econ\u00f3mica y social con un autoritarismo pol\u00edtico que lo llev\u00f3 a ser acusado de dictador. En este art\u00edculo, exploraremos los logros y las sombras de <a class=\"wp-block-post-excerpt__more-link\" href=\"https:\/\/letrasdecambio.com\/en\/el-oncenio-de-leguia-modernizacion-o-dictadura-disfrazada\/\">Leer Mas<\/a><\/p><\/div>\n<\/li><li class=\"wp-block-post post-611 post type-post status-publish format-standard hentry category-cultura-y-temas-variados\">\n<h2 class=\"wp-block-post-title\">Genaro Delgado Parker: Lo Bueno, Lo Malo Y Su Legado En La Televisi\u00f3n Y Telecomunicaciones Peruanas<\/h2>\n\n<div class=\"wp-block-post-excerpt\"><p class=\"wp-block-post-excerpt__excerpt\">Hablar de la historia de la televisi\u00f3n y las telecomunicaciones en el Per\u00fa es imposible sin mencionar a Genaro Delgado Parker. Su nombre evoca tanto admiraci\u00f3n como controversia, pues su papel en la industria medi\u00e1tica fue fundamental para su desarrollo, pero tambi\u00e9n estuvo marcado por pol\u00e9micas. A continuaci\u00f3n, analizamos lo bueno, lo malo y el <a class=\"wp-block-post-excerpt__more-link\" href=\"https:\/\/letrasdecambio.com\/en\/genaro-delgado-parker-lo-bueno-lo-malo-y-su-legado-en-la-television-y-telecomunicaciones-peruanas\/\">Leer Mas<\/a><\/p><\/div>\n<\/li><li class=\"wp-block-post post-659 post type-post status-publish format-standard hentry category-cultura-y-temas-variados\">\n<h2 class=\"wp-block-post-title\">El Panet\u00f3n En El Per\u00fa: \u00bfC\u00f3mo Lleg\u00f3 A Ser Una Tradici\u00f3n Navide\u00f1a?<\/h2>\n\n<div class=\"wp-block-post-excerpt\"><p class=\"wp-block-post-excerpt__excerpt\">El&nbsp;panet\u00f3n&nbsp;es uno de los elementos m\u00e1s emblem\u00e1ticos de la Navidad en el Per\u00fa. Aunque su origen es italiano, este pan dulce se ha convertido en una tradici\u00f3n profundamente arraigada en la cultura peruana, al punto de que es casi imposible imaginar una mesa navide\u00f1a sin \u00e9l. En este art\u00edculo, exploraremos c\u00f3mo el panet\u00f3n lleg\u00f3 al <a class=\"wp-block-post-excerpt__more-link\" href=\"https:\/\/letrasdecambio.com\/en\/el-paneton-en-el-peru-como-llego-a-ser-una-tradicion-navidena\/\">Leer Mas<\/a><\/p><\/div>\n<\/li><li class=\"wp-block-post post-692 post type-post status-publish format-standard hentry category-cultura-y-temas-variados\">\n<h2 class=\"wp-block-post-title\">La Resistencia Ind\u00edgena Tras La Conquista Espa\u00f1ola<\/h2>\n\n<div class=\"wp-block-post-excerpt\"><p class=\"wp-block-post-excerpt__excerpt\">La conquista espa\u00f1ola de Am\u00e9rica no marc\u00f3 el fin de las culturas ind\u00edgenas, sino el inicio de una larga y compleja historia de&nbsp;resistencia. Aunque los libros de historia suelen enfocarse en la ca\u00edda de imperios como el Inca o el Azteca, la realidad es que los pueblos ind\u00edgenas no se rindieron pasivamente. Por el contrario, <a class=\"wp-block-post-excerpt__more-link\" href=\"https:\/\/letrasdecambio.com\/en\/la-resistencia-indigena-tras-la-conquista-espanola\/\">Leer Mas<\/a><\/p><\/div>\n<\/li><li class=\"wp-block-post post-619 post type-post status-publish format-standard hentry category-cultura-y-temas-variados\">\n<h2 class=\"wp-block-post-title\">La Fusi\u00f3n Gastron\u00f3mica Lo Que Hace \u00danica A La Cocina Peruana<\/h2>\n\n<div class=\"wp-block-post-excerpt\"><p class=\"wp-block-post-excerpt__excerpt\">La&nbsp;cocina peruana&nbsp;es reconocida a nivel mundial por su diversidad, creatividad y riqueza de sabores. Uno de los factores que la hace \u00fanica es su capacidad para fusionar influencias de diferentes culturas, creando platos que son verdaderas obras maestras culinarias. En este art\u00edculo, exploraremos c\u00f3mo la fusi\u00f3n gastron\u00f3mica ha dado forma a la cocina peruana, destacando <a class=\"wp-block-post-excerpt__more-link\" href=\"https:\/\/letrasdecambio.com\/en\/la-fusion-gastronomica-lo-que-hace-unica-a-la-cocina-peruana\/\">Leer Mas<\/a><\/p><\/div>\n<\/li><li class=\"wp-block-post post-688 post type-post status-publish format-standard hentry category-cultura-y-temas-variados\">\n<h2 class=\"wp-block-post-title\">Ram\u00f3n Castilla Y La Abolici\u00f3n De La Esclavitud<\/h2>\n\n<div class=\"wp-block-post-excerpt\"><p class=\"wp-block-post-excerpt__excerpt\">Ram\u00f3n Castilla es una de las figuras m\u00e1s importantes y pol\u00e9micas de la historia del Per\u00fa. Durante sus dos periodos como presidente (1845-1851 y 1855-1862), implement\u00f3 reformas que modernizaron el pa\u00eds y sentaron las bases para su desarrollo. Una de sus contribuciones m\u00e1s destacadas fue la&nbsp;abolici\u00f3n de la esclavitud, un hito que marc\u00f3 un antes <a class=\"wp-block-post-excerpt__more-link\" href=\"https:\/\/letrasdecambio.com\/en\/ramon-castilla-y-la-abolicion-de-la-esclavitud\/\">Leer Mas<\/a><\/p><\/div>\n<\/li><li class=\"wp-block-post post-590 post type-post status-publish format-standard hentry category-cultura-y-temas-variados\">\n<h2 class=\"wp-block-post-title\">Estamos Preparados Para La Era De Los Autos El\u00e9ctricos En Per\u00fa<\/h2>\n\n<div class=\"wp-block-post-excerpt\"><p class=\"wp-block-post-excerpt__excerpt\">La movilidad el\u00e9ctrica es una realidad en muchos pa\u00edses del mundo, pero en el Per\u00fa, su adopci\u00f3n a\u00fan est\u00e1 en una etapa incipiente. Aunque hay avances prometedores, existen varios factores que determinan si el pa\u00eds est\u00e1 realmente preparado para esta transici\u00f3n. Aqu\u00ed exploramos los aspectos clave: 1. Infraestructura de carga Uno de los principales desaf\u00edos <a class=\"wp-block-post-excerpt__more-link\" href=\"https:\/\/letrasdecambio.com\/en\/estamos-preparados-para-la-era-de-los-autos-electricos-en-peru\/\">Leer Mas<\/a><\/p><\/div>\n<\/li><\/ul>\n\n<nav class=\"wp-block-query-pagination is-layout-flex wp-block-query-pagination-is-layout-flex\" aria-label=\"Pagination\">\n\n\n<div class=\"wp-block-query-pagination-numbers\"><span aria-current=\"page\" class=\"page-numbers current\">1<\/span>\n<a class=\"page-numbers\" href=\"?query-0-page=2\">2<\/a>\n<a class=\"page-numbers\" href=\"?query-0-page=3\">3<\/a>\n<span class=\"page-numbers dots\">&hellip;<\/span>\n<a class=\"page-numbers\" href=\"?query-0-page=5\">5<\/a><\/div>\n\n<a href=\"\/en\/wp-json\/wp\/v2\/pages\/200?query-0-page=2\" class=\"wp-block-query-pagination-next\">Next Page<\/a>\n<\/nav>\n\n<\/div>","protected":false},"excerpt":{"rendered":"","protected":false},"author":1,"featured_media":0,"parent":0,"menu_order":0,"comment_status":"closed","ping_status":"closed","template":"","meta":{"_kadence_starter_templates_imported_post":false,"_kad_post_transparent":"","_kad_post_title":"","_kad_post_layout":"","_kad_post_sidebar_id":"","_kad_post_content_style":"","_kad_post_vertical_padding":"","_kad_post_feature":"","_kad_post_feature_position":"","_kad_post_header":false,"_kad_post_footer":false,"_kad_post_classname":"","footnotes":""},"class_list":["post-200","page","type-page","status-publish","hentry"],"_hostinger_reach_plugin_has_subscription_block":false,"_hostinger_reach_plugin_is_elementor":false,"_links":{"self":[{"href":"https:\/\/letrasdecambio.com\/en\/wp-json\/wp\/v2\/pages\/200","targetHints":{"allow":["GET"]}}],"collection":[{"href":"https:\/\/letrasdecambio.com\/en\/wp-json\/wp\/v2\/pages"}],"about":[{"href":"https:\/\/letrasdecambio.com\/en\/wp-json\/wp\/v2\/types\/page"}],"author":[{"embeddable":true,"href":"https:\/\/letrasdecambio.com\/en\/wp-json\/wp\/v2\/users\/1"}],"replies":[{"embeddable":true,"href":"https:\/\/letrasdecambio.com\/en\/wp-json\/wp\/v2\/comments?post=200"}],"version-history":[{"count":3,"href":"https:\/\/letrasdecambio.com\/en\/wp-json\/wp\/v2\/pages\/200\/revisions"}],"predecessor-version":[{"id":1122,"href":"https:\/\/letrasdecambio.com\/en\/wp-json\/wp\/v2\/pages\/200\/revisions\/1122"}],"wp:attachment":[{"href":"https:\/\/letrasdecambio.com\/en\/wp-json\/wp\/v2\/media?parent=200"}],"curies":[{"name":"wp","href":"https:\/\/api.w.org\/{rel}","templated":true}]}}